{"id":415,"date":"2025-06-09T18:17:22","date_gmt":"2025-06-09T18:17:22","guid":{"rendered":"https:\/\/importec-sas.com\/?page_id=415"},"modified":"2026-01-02T12:35:25","modified_gmt":"2026-01-02T12:35:25","slug":"productos","status":"publish","type":"page","link":"https:\/\/www.importec-sas.com\/web\/productos\/","title":{"rendered":"Productos"},"content":{"rendered":"<link href=\"https:\/\/cdn.jsdelivr.net\/npm\/bootstrap-icons\/font\/bootstrap-icons.css\" rel=\"stylesheet\">\n<style>\n     \/* Estilo para la barra del men\u00fa *\/\n.header-barra {\n  background: linear-gradient(180deg, #ffffff, #f0f0f0); \/* Degradado blanco a gris *\/\n  box-shadow: 0 2px 8px rgba(0, 0, 0, 0.1); \/* Sombra suave *\/\n  border-radius: 1rem; \/* Bordes redondeados como en la imagen *\/\n  padding: 0.5rem 1rem; \/* Espaciado interno *\/\n}\n\/* Opcional: si quieres que se vea m\u00e1s como la imagen, a\u00f1ade un borde gris claro *\/\n.header-barra {\n  border: 1px solid #e0e0e0;\n}\n <\/style>\n<header>\n        <!-- Logo --><br \/>\n          <a href=\"#\"><br \/>\n            <img decoding=\"async\"  style=\"height:190px; width:auto;\"  src=\"https:\/\/importec-sas.com\/wp-content\/uploads\/2025\/06\/Logo_IMPORTEC_sin_fondo.png\" alt=\"Logo\" \/><br \/>\n          <\/a><br \/>\n        <!-- Men\u00fa para escritorio --><\/p>\n<nav>\n            <!-- Ejemplo del \u00edcono de home --><br \/>\n<a href=\"https:\/\/importec-sas.com\/\"><br \/>\n  <img decoding=\"async\" style=\"height: 25px;\n      width: auto;\" src=\"https:\/\/importec-sas.com\/wp-content\/uploads\/2025\/06\/2025-06-04_Web_site_importec_home.png\" alt=\"Home\" \/><br \/>\n<\/a><br \/>\n          <a href=\"https:\/\/importec-sas.com\/quienes-somos\/\"><br \/>\n            Qui\u00e9nes somos<br \/>\n          <\/a><br \/>\n          <a href=\"https:\/\/importec-sas.com\/productos\">Productos<\/a><br \/>\n          <a href=\"https:\/\/importec-sas.com\/servicios\">Servicios<\/a><br \/>\n          <a href=\"https:\/\/importec-sas.com\/preguntas-frecuentes\">Preguntas frecuentes<\/a><br \/>\n          <a href=\"https:\/\/importec-sas.com\/contacto\">Contacto<\/a><br \/>\n        <\/nav>\n<p>        <!-- Bot\u00f3n men\u00fa m\u00f3vil --><br \/>\n          <button id=\"menu-button\"><br \/>\n            <svg fill=\"none\" stroke=\"currentColor\" stroke-width=\"2\" viewBox=\"0 0 24 24\">\n              <path stroke-linecap=\"round\" stroke-linejoin=\"round\" d=\"M4 6h16M4 12h16M4 18h16\" \/>\n            <\/svg><br \/>\n          <\/button><br \/>\n    <!-- Men\u00fa m\u00f3vil --><br \/>\n        <a href=\"#\"><br \/>\n          <svg fill=\"none\" stroke=\"currentColor\" stroke-width=\"2\" viewBox=\"0 0 24 24\">\n            <path d=\"M3 12l2-2m0 0l7-7 7 7m-9 2v12\" \/>\n          <\/svg><br \/>\n          Qui\u00e9nes somos<br \/>\n        <\/a><br \/>\n        <a href=\"#\">Productos<\/a><br \/>\n        <a href=\"#\">Servicios<\/a><br \/>\n        <a href=\"#\">Preguntas frecuentes<\/a><br \/>\n        <a href=\"#\">Contacto<\/a><br \/>\n  <\/header>\n","protected":false},"excerpt":{"rendered":"<p>Qui\u00e9nes somos Productos Servicios Preguntas frecuentes Contacto Qui\u00e9nes somos Productos Servicios Preguntas frecuentes Contacto<\/p>\n","protected":false},"author":1,"featured_media":0,"parent":0,"menu_order":2,"comment_status":"closed","ping_status":"closed","template":"elementor_canvas","meta":{"_acf_changed":false,"footnotes":""},"class_list":["post-415","page","type-page","status-publish","hentry"],"acf":[],"_links":{"self":[{"href":"https:\/\/www.importec-sas.com\/web\/wp-json\/wp\/v2\/pages\/415","targetHints":{"allow":["GET"]}}],"collection":[{"href":"https:\/\/www.importec-sas.com\/web\/wp-json\/wp\/v2\/pages"}],"about":[{"href":"https:\/\/www.importec-sas.com\/web\/wp-json\/wp\/v2\/types\/page"}],"author":[{"embeddable":true,"href":"https:\/\/www.importec-sas.com\/web\/wp-json\/wp\/v2\/users\/1"}],"replies":[{"embeddable":true,"href":"https:\/\/www.importec-sas.com\/web\/wp-json\/wp\/v2\/comments?post=415"}],"version-history":[{"count":11,"href":"https:\/\/www.importec-sas.com\/web\/wp-json\/wp\/v2\/pages\/415\/revisions"}],"predecessor-version":[{"id":1332,"href":"https:\/\/www.importec-sas.com\/web\/wp-json\/wp\/v2\/pages\/415\/revisions\/1332"}],"wp:attachment":[{"href":"https:\/\/www.importec-sas.com\/web\/wp-json\/wp\/v2\/media?parent=415"}],"curies":[{"name":"wp","href":"https:\/\/api.w.org\/{rel}","templated":true}]}}