{"id":1880,"date":"2025-09-17T13:20:39","date_gmt":"2025-09-17T13:20:39","guid":{"rendered":"https:\/\/importec-sas.com\/?page_id=1880"},"modified":"2025-09-17T19:23:49","modified_gmt":"2025-09-17T19:23:49","slug":"quienes-somos-2","status":"publish","type":"page","link":"https:\/\/www.importec-sas.com\/web\/quienes-somos-2\/","title":{"rendered":"Qui\u00e9nes somos"},"content":{"rendered":"\t\t<div data-elementor-type=\"wp-page\" data-elementor-id=\"1880\" class=\"elementor elementor-1880\" data-elementor-post-type=\"page\">\n\t\t\t\t<div class=\"elementor-element elementor-element-ef20820 e-flex e-con-boxed e-con e-parent\" data-id=\"ef20820\" data-element_type=\"container\" data-e-type=\"container\" data-settings=\"{&quot;background_background&quot;:&quot;gradient&quot;}\">\n\t\t\t\t\t<div class=\"e-con-inner\">\n\t\t<div class=\"elementor-element elementor-element-4d999a2 e-con-full e-flex e-con e-child\" data-id=\"4d999a2\" data-element_type=\"container\" data-e-type=\"container\">\n\t\t\t\t<div class=\"elementor-element elementor-element-a987109 elementor-widget elementor-widget-heading\" data-id=\"a987109\" data-element_type=\"widget\" data-e-type=\"widget\" data-widget_type=\"heading.default\">\n\t\t\t\t<div class=\"elementor-widget-container\">\n\t\t\t\t\t<h4 class=\"elementor-heading-title elementor-size-default\">Qui\u00e9nes somos<\/h4>\t\t\t\t<\/div>\n\t\t\t\t<\/div>\n\t\t\t\t<div class=\"elementor-element elementor-element-1643879 elementor-widget elementor-widget-text-editor\" data-id=\"1643879\" data-element_type=\"widget\" data-e-type=\"widget\" data-widget_type=\"text-editor.default\">\n\t\t\t\t<div class=\"elementor-widget-container\">\n\t\t\t\t\t\t\t\t\tEn IMPORTEC SAS estamos comprometidos con el suministro de equipos de alta calidad y tecnolog\u00eda avanzada que respalden de manera efectiva la inversi\u00f3n industrial. Desde nuestra fundaci\u00f3n en 2007, nos hemos guiado por valores s\u00f3lidos como la calidad, la innovaci\u00f3n, el compromiso y la integridad.\t\t\t\t\t\t\t\t<\/div>\n\t\t\t\t<\/div>\n\t\t\t\t<\/div>\n\t\t<div class=\"elementor-element elementor-element-c2a154b e-con-full e-flex e-con e-child\" data-id=\"c2a154b\" data-element_type=\"container\" data-e-type=\"container\">\n\t\t\t\t<div class=\"elementor-element elementor-element-411c56c elementor-widget elementor-widget-image\" data-id=\"411c56c\" data-element_type=\"widget\" data-e-type=\"widget\" data-widget_type=\"image.default\">\n\t\t\t\t<div class=\"elementor-widget-container\">\n\t\t\t\t\t\t\t\t\t\t\t\t\t\t\t<img fetchpriority=\"high\" decoding=\"async\" width=\"800\" height=\"523\" src=\"https:\/\/www.importec-sas.com\/web\/wp-content\/uploads\/2025\/09\/warehouse-background-blue-sky-1024x669.jpg\" class=\"attachment-large size-large wp-image-1919\" alt=\"\" srcset=\"https:\/\/www.importec-sas.com\/web\/wp-content\/uploads\/2025\/09\/warehouse-background-blue-sky-1024x669.jpg 1024w, https:\/\/www.importec-sas.com\/web\/wp-content\/uploads\/2025\/09\/warehouse-background-blue-sky-300x196.jpg 300w, https:\/\/www.importec-sas.com\/web\/wp-content\/uploads\/2025\/09\/warehouse-background-blue-sky-768x502.jpg 768w, https:\/\/www.importec-sas.com\/web\/wp-content\/uploads\/2025\/09\/warehouse-background-blue-sky-1536x1004.jpg 1536w, https:\/\/www.importec-sas.com\/web\/wp-content\/uploads\/2025\/09\/warehouse-background-blue-sky-2048x1338.jpg 2048w\" sizes=\"(max-width: 800px) 100vw, 800px\" \/>\t\t\t\t\t\t\t\t\t\t\t\t\t\t\t<\/div>\n\t\t\t\t<\/div>\n\t\t\t\t<\/div>\n\t\t\t\t\t<\/div>\n\t\t\t\t<\/div>\n\t\t<div class=\"elementor-element elementor-element-635a0cb e-flex e-con-boxed e-con e-parent\" data-id=\"635a0cb\" data-element_type=\"container\" data-e-type=\"container\">\n\t\t\t\t\t<div class=\"e-con-inner\">\n\t\t<div class=\"elementor-element elementor-element-ca039b5 e-con-full e-flex e-con e-child\" data-id=\"ca039b5\" data-element_type=\"container\" data-e-type=\"container\">\n\t\t\t\t<div class=\"elementor-element elementor-element-3a17ed7 elementor-widget elementor-widget-text-editor\" data-id=\"3a17ed7\" data-element_type=\"widget\" data-e-type=\"widget\" data-widget_type=\"text-editor.default\">\n\t\t\t\t<div class=\"elementor-widget-container\">\n\t\t\t\t\t\t\t\t\t<strong><em>Impulsamos tu producci\u00f3n con tecnolog\u00eda de vanguardia.<\/em><\/strong>\t\t\t\t\t\t\t\t<\/div>\n\t\t\t\t<\/div>\n\t\t\t\t<div class=\"elementor-element elementor-element-43427f6 elementor-widget elementor-widget-image\" data-id=\"43427f6\" data-element_type=\"widget\" data-e-type=\"widget\" data-widget_type=\"image.default\">\n\t\t\t\t<div class=\"elementor-widget-container\">\n\t\t\t\t\t\t\t\t\t\t\t\t\t\t\t<img decoding=\"async\" src=\"https:\/\/importec-sas.com\/wp-content\/uploads\/2025\/07\/maquina.jpg\" title=\"\" alt=\"\" loading=\"lazy\" \/>\t\t\t\t\t\t\t\t\t\t\t\t\t\t\t<\/div>\n\t\t\t\t<\/div>\n\t\t\t\t<\/div>\n\t\t<div class=\"elementor-element elementor-element-e40dd38 e-con-full e-flex e-con e-child\" data-id=\"e40dd38\" data-element_type=\"container\" data-e-type=\"container\">\n\t\t\t\t<div class=\"elementor-element elementor-element-2676ae2 elementor-widget elementor-widget-text-editor\" data-id=\"2676ae2\" data-element_type=\"widget\" data-e-type=\"widget\" data-widget_type=\"text-editor.default\">\n\t\t\t\t<div class=\"elementor-widget-container\">\n\t\t\t\t\t\t\t\t\t<p>Somos una empresa colombiana enfocada en la modernizaci\u00f3n de plantas de producci\u00f3n dentro del sector del pl\u00e1stico. Trabajamos en alianza con reconocidos fabricantes de maquinaria en China, Taiw\u00e1n, Corea y Turqu\u00eda, especializados en soluciones para la producci\u00f3n de envases r\u00edgidos y flexibles.<\/p>\n<p><!-- \/wp:paragraph --><!-- wp:paragraph --><\/p>\n<p>Nuestro principal objetivo es brindar asesor\u00eda t\u00e9cnica, acompa\u00f1amiento estrat\u00e9gico y soporte continuo en la adquisici\u00f3n de maquinaria, perif\u00e9ricos y repuestos. Nos apasiona contribuir al crecimiento de nuestros clientes, optimizando su productividad, reduciendo costos operativos y mejorando los tiempos de respuesta en una industria tan exigente como la del pl\u00e1stico.<\/p>\t\t\t\t\t\t\t\t<\/div>\n\t\t\t\t<\/div>\n\t\t\t\t<\/div>\n\t\t\t\t\t<\/div>\n\t\t\t\t<\/div>\n\t\t<div class=\"elementor-element elementor-element-bfecce5 e-flex e-con-boxed e-con e-parent\" data-id=\"bfecce5\" data-element_type=\"container\" data-e-type=\"container\" data-settings=\"{&quot;background_background&quot;:&quot;classic&quot;}\">\n\t\t\t\t\t<div class=\"e-con-inner\">\n\t\t\t\t<div class=\"elementor-element elementor-element-cf57f30 elementor-widget elementor-widget-text-editor\" data-id=\"cf57f30\" data-element_type=\"widget\" data-e-type=\"widget\" data-widget_type=\"text-editor.default\">\n\t\t\t\t<div class=\"elementor-widget-container\">\n\t\t\t\t\t\t\t\t\t<p><strong><em>Vis\u00edtanos en Bogot\u00e1 y conoce por qu\u00e9 somos una empresa confiable que trabaja por el bienestar y el desarrollo de la industria.<\/em><\/strong><\/p>\t\t\t\t\t\t\t\t<\/div>\n\t\t\t\t<\/div>\n\t\t\t\t<div class=\"elementor-element elementor-element-bf295e7 elementor-widget elementor-widget-heading\" data-id=\"bf295e7\" data-element_type=\"widget\" data-e-type=\"widget\" data-widget_type=\"heading.default\">\n\t\t\t\t<div class=\"elementor-widget-container\">\n\t\t\t\t\t<h5 class=\"elementor-heading-title elementor-size-default\">Encu\u00e9ntranos en Maps<\/h5>\t\t\t\t<\/div>\n\t\t\t\t<\/div>\n\t\t\t\t<div class=\"elementor-element elementor-element-41e6710 elementor-widget elementor-widget-google_maps\" data-id=\"41e6710\" data-element_type=\"widget\" data-e-type=\"widget\" data-widget_type=\"google_maps.default\">\n\t\t\t\t<div class=\"elementor-widget-container\">\n\t\t\t\t\t\t\t<div class=\"elementor-custom-embed\">\n\t\t\t<iframe loading=\"lazy\"\n\t\t\t\t\tsrc=\"https:\/\/maps.google.com\/maps?q=IMPORTEC%20SAS%2C%20Cra.%2072f%20Bis%20%2338d%20sur%2034%2C%20Bogot%C3%A1&#038;t=m&#038;z=10&#038;output=embed&#038;iwloc=near\"\n\t\t\t\t\ttitle=\"IMPORTEC SAS, Cra. 72f Bis #38d sur 34, Bogot\u00e1\"\n\t\t\t\t\taria-label=\"IMPORTEC SAS, Cra. 72f Bis #38d sur 34, Bogot\u00e1\"\n\t\t\t><\/iframe>\n\t\t<\/div>\n\t\t\t\t\t\t<\/div>\n\t\t\t\t<\/div>\n\t\t\t\t<div class=\"elementor-element elementor-element-428d7de elementor-widget elementor-widget-text-editor\" data-id=\"428d7de\" data-element_type=\"widget\" data-e-type=\"widget\" data-widget_type=\"text-editor.default\">\n\t\t\t\t<div class=\"elementor-widget-container\">\n\t\t\t\t\t\t\t\t\t<p><strong><em>No solo vendemos maquinaria, construimos soluciones para tu crecimiento.<\/em><\/strong><\/p>\t\t\t\t\t\t\t\t<\/div>\n\t\t\t\t<\/div>\n\t\t\t\t\t<\/div>\n\t\t\t\t<\/div>\n\t\t\t\t<\/div>\n\t\t","protected":false},"excerpt":{"rendered":"<p>En IMPORTEC SAS estamos comprometidos con el suministro de equipos de alta calidad y tecnolog\u00eda avanzada que respalden de manera efectiva la inversi\u00f3n industrial. Desde nuestra fundaci\u00f3n en 2007, nos hemos guiado por valores s\u00f3lidos como la calidad, la innovaci\u00f3n, el compromiso y la integridad.<\/p>\n","protected":false},"author":1,"featured_media":1919,"parent":0,"menu_order":1,"comment_status":"closed","ping_status":"closed","template":"","meta":{"_acf_changed":false,"footnotes":""},"class_list":["post-1880","page","type-page","status-publish","has-post-thumbnail","hentry"],"acf":[],"_links":{"self":[{"href":"https:\/\/www.importec-sas.com\/web\/wp-json\/wp\/v2\/pages\/1880","targetHints":{"allow":["GET"]}}],"collection":[{"href":"https:\/\/www.importec-sas.com\/web\/wp-json\/wp\/v2\/pages"}],"about":[{"href":"https:\/\/www.importec-sas.com\/web\/wp-json\/wp\/v2\/types\/page"}],"author":[{"embeddable":true,"href":"https:\/\/www.importec-sas.com\/web\/wp-json\/wp\/v2\/users\/1"}],"replies":[{"embeddable":true,"href":"https:\/\/www.importec-sas.com\/web\/wp-json\/wp\/v2\/comments?post=1880"}],"version-history":[{"count":18,"href":"https:\/\/www.importec-sas.com\/web\/wp-json\/wp\/v2\/pages\/1880\/revisions"}],"predecessor-version":[{"id":2306,"href":"https:\/\/www.importec-sas.com\/web\/wp-json\/wp\/v2\/pages\/1880\/revisions\/2306"}],"wp:featuredmedia":[{"embeddable":true,"href":"https:\/\/www.importec-sas.com\/web\/wp-json\/wp\/v2\/media\/1919"}],"wp:attachment":[{"href":"https:\/\/www.importec-sas.com\/web\/wp-json\/wp\/v2\/media?parent=1880"}],"curies":[{"name":"wp","href":"https:\/\/api.w.org\/{rel}","templated":true}]}}