{"id":1312,"date":"2025-09-08T16:31:31","date_gmt":"2025-09-08T16:31:31","guid":{"rendered":"https:\/\/importec-sas.com\/?page_id=1312"},"modified":"2026-03-06T12:41:40","modified_gmt":"2026-03-06T12:41:40","slug":"sellado","status":"publish","type":"page","link":"https:\/\/www.importec-sas.com\/web\/sellado\/","title":{"rendered":"M\u00e1quina Autom\u00e1tica Multifuncional para Fabricaci\u00f3n de Bolsas Laminadas"},"content":{"rendered":"\n<p>Este modelo de alta precisi\u00f3n dise\u00f1ado para fabricantes que requieren <strong>m\u00e1xima versatilidad y velocidad<\/strong> en la producci\u00f3n de bolsas laminadas. Gracias a su arquitectura de 4 servomotores y su sistema de control totalmente automatizado, este equipo ofrece un desempe\u00f1o superior, ideal para l\u00edneas de producci\u00f3n que manejan m\u00faltiples formatos de empaque.<\/p>\n\n\n\n<p><\/p>\n","protected":false},"excerpt":{"rendered":"<p>La CW\u2011600C+CS es un modelo de alta precisi\u00f3n dise\u00f1ado para fabricantes que requieren m\u00e1xima versatilidad y velocidad en la producci\u00f3n de bolsas laminadas. Gracias a su arquitectura de 4 servomotores y su sistema de control totalmente automatizado, este equipo ofrece un desempe\u00f1o superior, ideal para l\u00edneas de producci\u00f3n que manejan m\u00faltiples formatos de empaque.<\/p>\n","protected":false},"author":1,"featured_media":2974,"parent":0,"menu_order":8,"comment_status":"closed","ping_status":"closed","template":"","meta":{"_acf_changed":false,"footnotes":""},"class_list":["post-1312","page","type-page","status-publish","has-post-thumbnail","hentry"],"acf":[],"_links":{"self":[{"href":"https:\/\/www.importec-sas.com\/web\/wp-json\/wp\/v2\/pages\/1312","targetHints":{"allow":["GET"]}}],"collection":[{"href":"https:\/\/www.importec-sas.com\/web\/wp-json\/wp\/v2\/pages"}],"about":[{"href":"https:\/\/www.importec-sas.com\/web\/wp-json\/wp\/v2\/types\/page"}],"author":[{"embeddable":true,"href":"https:\/\/www.importec-sas.com\/web\/wp-json\/wp\/v2\/users\/1"}],"replies":[{"embeddable":true,"href":"https:\/\/www.importec-sas.com\/web\/wp-json\/wp\/v2\/comments?post=1312"}],"version-history":[{"count":5,"href":"https:\/\/www.importec-sas.com\/web\/wp-json\/wp\/v2\/pages\/1312\/revisions"}],"predecessor-version":[{"id":3005,"href":"https:\/\/www.importec-sas.com\/web\/wp-json\/wp\/v2\/pages\/1312\/revisions\/3005"}],"wp:featuredmedia":[{"embeddable":true,"href":"https:\/\/www.importec-sas.com\/web\/wp-json\/wp\/v2\/media\/2974"}],"wp:attachment":[{"href":"https:\/\/www.importec-sas.com\/web\/wp-json\/wp\/v2\/media?parent=1312"}],"curies":[{"name":"wp","href":"https:\/\/api.w.org\/{rel}","templated":true}]}}