{"id":1290,"date":"2025-09-08T16:13:51","date_gmt":"2025-09-08T16:13:51","guid":{"rendered":"https:\/\/importec-sas.com\/?page_id=1290"},"modified":"2025-09-12T03:22:48","modified_gmt":"2025-09-12T03:22:48","slug":"politica-de-privacidad-y-tratamiento-de-datos-personales","status":"publish","type":"page","link":"https:\/\/www.importec-sas.com\/web\/politica-de-privacidad-y-tratamiento-de-datos-personales\/","title":{"rendered":"Pol\u00edtica de privacidad y tratamiento de datos personales"},"content":{"rendered":"\n<p><strong>IMPORTEC SAS<\/strong>, informa a sus usuarios que los datos personales recolectados a trav\u00e9s de este sitio web ser\u00e1n tratados conforme a la Ley 1581 de 2012, el Decreto 1377 de 2013 y dem\u00e1s normas concordantes.<\/p>\n\n\n\n<p><strong>Finalidades del tratamiento:<\/strong><\/p>\n\n\n\n<ul class=\"wp-block-list\">\n<li>Gestionar solicitudes de informaci\u00f3n, cotizaciones y contacto.<\/li>\n\n\n\n<li>Cumplir obligaciones contractuales, legales y comerciales.<\/li>\n\n\n\n<li>Informar sobre productos, servicios, eventos y novedades de la empresa.<\/li>\n\n\n\n<li>Realizar estudios de mercado y an\u00e1lisis internos.<\/li>\n\n\n\n<li>Mantener comunicaci\u00f3n con clientes y proveedores.<\/li>\n<\/ul>\n\n\n\n<p><strong>Derechos del titular de los datos:<\/strong><br>Los usuarios podr\u00e1n ejercer en cualquier momento los derechos de acceso, actualizaci\u00f3n, rectificaci\u00f3n, supresi\u00f3n y revocatoria de la autorizaci\u00f3n otorgada.<\/p>\n\n\n\n<p><strong>Mecanismos de contacto:<\/strong><br>Para el ejercicio de estos derechos, el titular podr\u00e1 comunicarse al correo electr\u00f3nico: [correo de contacto] o a la direcci\u00f3n f\u00edsica: [direcci\u00f3n en Bogot\u00e1].<\/p>\n\n\n\n<p>La aceptaci\u00f3n de esta pol\u00edtica implica la autorizaci\u00f3n expresa del tratamiento de los datos personales suministrados.<\/p>\n","protected":false},"excerpt":{"rendered":"<p>IMPORTEC SAS, informa a sus usuarios que los datos personales recolectados a trav\u00e9s de este sitio web ser\u00e1n tratados conforme a la Ley 1581 de 2012, el Decreto 1377 de 2013 y dem\u00e1s normas concordantes. Finalidades del tratamiento: Derechos del titular de los datos:Los usuarios podr\u00e1n ejercer en cualquier momento los derechos de acceso, actualizaci\u00f3n, [&hellip;]<\/p>\n","protected":false},"author":1,"featured_media":0,"parent":0,"menu_order":19,"comment_status":"closed","ping_status":"closed","template":"","meta":{"_acf_changed":false,"footnotes":""},"class_list":["post-1290","page","type-page","status-publish","hentry"],"acf":[],"_links":{"self":[{"href":"https:\/\/www.importec-sas.com\/web\/wp-json\/wp\/v2\/pages\/1290","targetHints":{"allow":["GET"]}}],"collection":[{"href":"https:\/\/www.importec-sas.com\/web\/wp-json\/wp\/v2\/pages"}],"about":[{"href":"https:\/\/www.importec-sas.com\/web\/wp-json\/wp\/v2\/types\/page"}],"author":[{"embeddable":true,"href":"https:\/\/www.importec-sas.com\/web\/wp-json\/wp\/v2\/users\/1"}],"replies":[{"embeddable":true,"href":"https:\/\/www.importec-sas.com\/web\/wp-json\/wp\/v2\/comments?post=1290"}],"version-history":[{"count":2,"href":"https:\/\/www.importec-sas.com\/web\/wp-json\/wp\/v2\/pages\/1290\/revisions"}],"predecessor-version":[{"id":1395,"href":"https:\/\/www.importec-sas.com\/web\/wp-json\/wp\/v2\/pages\/1290\/revisions\/1395"}],"wp:attachment":[{"href":"https:\/\/www.importec-sas.com\/web\/wp-json\/wp\/v2\/media?parent=1290"}],"curies":[{"name":"wp","href":"https:\/\/api.w.org\/{rel}","templated":true}]}}