{"id":1099,"date":"2025-09-04T03:13:51","date_gmt":"2025-09-04T03:13:51","guid":{"rendered":"https:\/\/importec-sas.com\/?page_id=1099"},"modified":"2025-09-08T17:28:17","modified_gmt":"2025-09-08T17:28:17","slug":"preguntas-frecuentes-2","status":"publish","type":"page","link":"https:\/\/www.importec-sas.com\/web\/preguntas-frecuentes-2\/","title":{"rendered":"Preguntas frecuentes"},"content":{"rendered":"\t\t<div data-elementor-type=\"wp-page\" data-elementor-id=\"1099\" class=\"elementor elementor-1099\" data-elementor-post-type=\"page\">\n\t\t\t\t<header class=\"elementor-element elementor-element-be287f4 e-con-full e-flex e-con e-parent\" data-id=\"be287f4\" data-element_type=\"container\" data-e-type=\"container\">\n\t\t\t\t<div class=\"elementor-element elementor-element-d60d34d elementor-widget elementor-widget-html\" data-id=\"d60d34d\" data-element_type=\"widget\" data-e-type=\"widget\" data-widget_type=\"html.default\">\n\t\t\t\t<div class=\"elementor-widget-container\">\n\t\t\t\t\t<link href=\"https:\/\/cdn.jsdelivr.net\/npm\/bootstrap-icons\/font\/bootstrap-icons.css\" rel=\"stylesheet\">\r\n<script src=\"https:\/\/cdn.tailwindcss.com\"><\/script>\r\n\r\n<style>\r\n\/* Barra de men\u00fa *\/\r\n.header-barra {\r\n  background: linear-gradient(180deg, #ffffff, #f0f0f0);\r\n  box-shadow: 0 2px 8px rgba(0, 0, 0, 0.1);\r\n  border-radius: 1rem;\r\n  padding: 0.5rem 1rem;\r\n  border: 3px solid #e0e0e0;\r\n}\r\n\r\n\/* Transiciones suaves *\/\r\n.accordion-content {\r\n  transition: max-height 0.3s ease, opacity 0.3s ease;\r\n  overflow: hidden;\r\n  max-height: 0;\r\n  opacity: 0;\r\n}\r\n.accordion-content.open {\r\n  max-height: 1000px; \/* suficiente para contenido *\/\r\n  opacity: 1;\r\n}\r\n<\/style>\r\n\r\n<header class=\"header-barra bg-white shadow-md relative z-50\">\r\n  <div class=\"max-w-7xl mx-auto px-4 sm:px-6 lg:px-8\">\r\n    <div class=\"flex justify-between items-center h-16\">\r\n      <!-- Logo -->\r\n      <div class=\"flex-shrink-0\">\r\n        <a href=\"#\">\r\n          <img decoding=\"async\" style=\"height:190px; width:auto;\"  src=\"https:\/\/importec-sas.com\/wp-content\/uploads\/2025\/06\/Logo_IMPORTEC_sin_fondo.png\" alt=\"Logo\" \/>\r\n        <\/a>\r\n      <\/div>\r\n\r\n      <!-- Men\u00fa escritorio -->\r\n      <nav class=\"hidden md:flex space-x-6 items-center text-gray-700 font-medium\">\r\n        <a href=\"https:\/\/importec-sas.com\/quienes-somos\/\" class=\"hover:text-red-500\">Qui\u00e9nes somos<\/a>\r\n\r\n        <!-- Productos con acorde\u00f3n -->\r\n        <div class=\"relative group\">\r\n          <button id=\"productos-desktop-toggle\" class=\"hover:text-red-500 flex items-center space-x-1\">\r\n            <span>Productos<\/span>\r\n            <i class=\"bi bi-caret-down-fill text-sm\"><\/i>\r\n          <\/button>\r\n          <div id=\"productos-desktop-submenu\" class=\"absolute hidden bg-white shadow-lg rounded-md mt-1 w-64 p-2\">\r\n            <!-- Acorde\u00f3n: Maquinaria importada -->\r\n            <button id=\"importada-desktop-toggle\" class=\"w-full flex justify-between items-center py-2 px-2 hover:bg-gray-100\">\r\n              <span>Maquinaria importada<\/span>\r\n              <i class=\"bi bi-caret-down-fill\"><\/i>\r\n            <\/button>\r\n            <div id=\"importada-desktop-submenu\" class=\"accordion-content pl-4\">\r\n              <a href=\"#\" class=\"block px-2 py-1 hover:bg-gray-100\">Extrusi\u00f3n<\/a>\r\n              <a href=\"#\" class=\"block px-2 py-1 hover:bg-gray-100\">Flexo<\/a>\r\n              <a href=\"#\" class=\"block px-2 py-1 hover:bg-gray-100\">Laminado<\/a>\r\n              <a href=\"#\" class=\"block px-2 py-1 hover:bg-gray-100\">Refilado<\/a>\r\n              <a href=\"#\" class=\"block px-2 py-1 hover:bg-gray-100\">Sellado<\/a>\r\n              <a href=\"#\" class=\"block px-2 py-1 hover:bg-gray-100\">Peletizado<\/a>\r\n              <a href=\"#\" class=\"block px-2 py-1 hover:bg-gray-100\">Inyecci\u00f3n<\/a>\r\n              <a href=\"#\" class=\"block px-2 py-1 hover:bg-gray-100\">Inspecci\u00f3n<\/a>\r\n            <\/div>\r\n            <a href=\"https:\/\/importec-sas.com\/maquinaria-usada\/\" class=\"block px-2 py-2 hover:bg-gray-100\">Maquinaria de segunda<\/a>\r\n            <a href=\"https:\/\/importec-sas.com\/repuestos-e-insumos\" class=\"block px-2 py-2 hover:bg-gray-100\">Repuestos y suministros<\/a>\r\n          <\/div>\r\n        <\/div>\r\n\r\n        <a href=\"https:\/\/importec-sas.com\/servicios-2\" class=\"hover:text-red-500\">Servicios<\/a>\r\n        <a href=\"https:\/\/importec-sas.com\/preguntas-frecuentes\" class=\"hover:text-red-500\">Preguntas frecuentes<\/a>\r\n        <a href=\"https:\/\/importec-sas.com\/noticias\" class=\"hover:text-red-500\">Noticias<\/a>\r\n        <a href=\"https:\/\/importec-sas.com\/contacto-2\" class=\"hover:text-red-500\">Contacto<\/a>\r\n      <\/nav>\r\n\r\n      <!-- Bot\u00f3n men\u00fa m\u00f3vil -->\r\n      <div class=\"md:hidden flex items-center\">\r\n        <button id=\"menu-button\" class=\"text-gray-700 focus:outline-none\">\r\n          <i class=\"bi bi-list text-3xl\"><\/i>\r\n        <\/button>\r\n      <\/div>\r\n    <\/div>\r\n  <\/div>\r\n\r\n  <!-- Men\u00fa m\u00f3vil -->\r\n  <div id=\"mobile-menu\" class=\"hidden md:hidden bg-white shadow-md rounded-md p-4\">\r\n    <a href=\"https:\/\/importec-sas.com\/quienes-somos\/\" class=\"block py-2 hover:text-red-500\">Qui\u00e9nes somos<\/a>\r\n\r\n    <!-- Acorde\u00f3n productos m\u00f3vil -->\r\n    <div>\r\n      <button id=\"productos-toggle\" class=\"flex justify-between items-center w-full py-2 hover:text-red-500\">\r\n        <span>Productos<\/span>\r\n        <i class=\"bi bi-caret-down-fill\"><\/i>\r\n      <\/button>\r\n      <div id=\"productos-submenu\" class=\"accordion-content pl-4\">\r\n        <!-- Acorde\u00f3n interno: Maquinaria importada -->\r\n        <button id=\"importada-toggle\" class=\"flex justify-between items-center w-full py-2\">\r\n          <span>Maquinaria importada<\/span>\r\n          <i class=\"bi bi-caret-down-fill\"><\/i>\r\n        <\/button>\r\n        <div id=\"importada-submenu\" class=\"accordion-content pl-4\">\r\n          <a href=\"#\" class=\"block py-1 hover:text-red-500\">Extrusi\u00f3n<\/a>\r\n          <a href=\"#\" class=\"block py-1 hover:text-red-500\">Flexo<\/a>\r\n          <a href=\"#\" class=\"block py-1 hover:text-red-500\">Laminado<\/a>\r\n          <a href=\"#\" class=\"block py-1 hover:text-red-500\">Refilado<\/a>\r\n          <a href=\"#\" class=\"block py-1 hover:text-red-500\">Sellado<\/a>\r\n          <a href=\"#\" class=\"block py-1 hover:text-red-500\">Peletizado<\/a>\r\n          <a href=\"#\" class=\"block py-1 hover:text-red-500\">Inyecci\u00f3n<\/a>\r\n          <a href=\"#\" class=\"block py-1 hover:text-red-500\">Inspecci\u00f3n<\/a>\r\n        <\/div>\r\n        <a href=\"https:\/\/importec-sas.com\/maquinaria-usada\/\" class=\"block py-1 hover:text-red-500\">Maquinaria de segunda<\/a>\r\n        <a href=\"https:\/\/importec-sas.com\/repuestos-e-insumos\" class=\"block py-1 hover:text-red-500\">Repuestos y suministros<\/a>\r\n      <\/div>\r\n    <\/div>\r\n\r\n    <a href=\"https:\/\/importec-sas.com\/servicios-2\" class=\"block py-2 hover:text-red-500\">Servicios<\/a>\r\n    <a href=\"https:\/\/importec-sas.com\/preguntas-frecuentes\" class=\"block py-2 hover:text-red-500\">Preguntas frecuentes<\/a>\r\n    <a href=\"https:\/\/importec-sas.com\/noticias\/\" class=\"block py-2 hover:text-red-500\">Noticias<\/a>\r\n    <a href=\"https:\/\/importec-sas.com\/contacto-2\" class=\"block py-2 hover:text-red-500\">Contacto<\/a>\r\n  <\/div>\r\n<\/header>\r\n\r\n<script>\r\n\/* Bot\u00f3n men\u00fa m\u00f3vil *\/\r\nconst menuButton = document.getElementById('menu-button');\r\nconst mobileMenu = document.getElementById('mobile-menu');\r\nmenuButton.addEventListener('click', () => {\r\n  mobileMenu.classList.toggle('hidden');\r\n});\r\n\r\n\/* Acorde\u00f3n m\u00f3vil *\/\r\nconst productosToggle = document.getElementById('productos-toggle');\r\nconst productosSubmenu = document.getElementById('productos-submenu');\r\nproductosToggle.addEventListener('click', () => {\r\n  productosSubmenu.classList.toggle('open');\r\n});\r\n\r\nconst importadaToggle = document.getElementById('importada-toggle');\r\nconst importadaSubmenu = document.getElementById('importada-submenu');\r\nimportadaToggle.addEventListener('click', () => {\r\n  importadaSubmenu.classList.toggle('open');\r\n});\r\n\r\n\/* Acorde\u00f3n escritorio *\/\r\nconst productosDesktopToggle = document.getElementById('productos-desktop-toggle');\r\nconst productosDesktopSubmenu = document.getElementById('productos-desktop-submenu');\r\nproductosDesktopToggle.addEventListener('click', () => {\r\n  productosDesktopSubmenu.classList.toggle('hidden');\r\n});\r\n\r\nconst importadaDesktopToggle = document.getElementById('importada-desktop-toggle');\r\nconst importadaDesktopSubmenu = document.getElementById('importada-desktop-submenu');\r\nimportadaDesktopToggle.addEventListener('click', () => {\r\n  importadaDesktopSubmenu.classList.toggle('open');\r\n});\r\n<\/script>\r\n\t\t\t\t<\/div>\n\t\t\t\t<\/div>\n\t\t\t\t<\/header>\n\t\t<footer class=\"elementor-element elementor-element-044094a e-con-full e-flex e-con e-parent\" data-id=\"044094a\" data-element_type=\"container\" data-e-type=\"container\">\n\t\t\t\t<div class=\"elementor-element elementor-element-472cf3c elementor-widget elementor-widget-html\" data-id=\"472cf3c\" data-element_type=\"widget\" data-e-type=\"widget\" data-widget_type=\"html.default\">\n\t\t\t\t<div class=\"elementor-widget-container\">\n\t\t\t\t\t<!DOCTYPE html>\r\n<html lang=\"es\">\r\n<head>\r\n  <meta charset=\"UTF-8\">\r\n  <meta name=\"viewport\" content=\"width=device-width, initial-scale=1.0\">\r\n  <title>Footer ImporteC<\/title>\r\n  <!-- Font Awesome para iconos -->\r\n  <link rel=\"stylesheet\" href=\"https:\/\/cdnjs.cloudflare.com\/ajax\/libs\/font-awesome\/6.4.0\/css\/all.min.css\">\r\n  <style>\r\n    \/* Estilos generales *\/\r\n    body {\r\n      margin: 0;\r\n      font-family: Arial, sans-serif;\r\n    }\r\n\r\n    footer {\r\n      background-color: #e30613; \/* rojo corporativo *\/\r\n      color: white;\r\n      padding: 40px 20px 20px;\r\n    }\r\n\r\n    .footer-container {\r\n      max-width: 1280px;\r\n      margin: 0 auto;\r\n      display: grid;\r\n      grid-template-columns: 2fr 1fr 1fr 1fr; \/* primera m\u00e1s ancha *\/\r\n      gap: 20px;\r\n    }\r\n\r\n    .footer-logo p {\r\n      margin: 10px 0;\r\n      line-height: 1.5;\r\n    }\r\n\r\n    .footer-logo img {\r\n      max-width: 160px;\r\n      margin-bottom: 10px;\r\n    }\r\n\r\n    .social-icons {\r\n      margin-top: 15px;\r\n    }\r\n\r\n    .social-icons a {\r\n      display: inline-block;\r\n      margin-right: 10px;\r\n      color: white;\r\n      font-size: 20px;\r\n      transition: color 0.3s;\r\n    }\r\n\r\n    .social-icons a:hover {\r\n      color: #000;\r\n    }\r\n\r\n    .footer-column h4 {\r\n      margin-bottom: 10px;\r\n      font-size: 18px;\r\n      font-weight: bold;\r\n    }\r\n\r\n    .footer-column ul {\r\n      list-style: none;\r\n      padding: 0;\r\n      margin: 0;\r\n    }\r\n\r\n    .footer-column ul li {\r\n      margin-bottom: 8px;\r\n    }\r\n\r\n    .footer-column ul li a {\r\n      color: white;\r\n      text-decoration: none;\r\n      transition: color 0.3s;\r\n    }\r\n\r\n    .footer-column ul li a:hover {\r\n      color: #000;\r\n    }\r\n\r\n    .footer-bottom {\r\n      margin-top: 30px;\r\n      text-align: center;\r\n      font-size: 14px;\r\n      border-top: 1px solid rgba(255, 255, 255, 0.3);\r\n      padding-top: 15px;\r\n    }\r\n\r\n    \/* Responsivo *\/\r\n    @media (max-width: 1024px) {\r\n      .footer-container {\r\n        grid-template-columns: 1fr 1fr;\r\n      }\r\n    }\r\n\r\n    @media (max-width: 768px) {\r\n      .footer-container {\r\n        grid-template-columns: 1fr;\r\n        text-align: center;\r\n      }\r\n      .social-icons {\r\n        margin-top: 10px;\r\n      }\r\n    }\r\n  <\/style>\r\n<\/head>\r\n<body>\r\n\r\n  <footer>\r\n    <div class=\"footer-container\">\r\n      <!-- Columna 1: Logo y redes -->\r\n      <div class=\"footer-logo\">\r\n        <img decoding=\"async\" src=\"https:\/\/importec-sas.com\/wp-content\/uploads\/2025\/06\/2025-06-04_Web_site_importec_logo.png\" alt=\"Logo ImporteC\">\r\n        <p>Soluciones en maquinaria importada, especialidades por alianzas estrat\u00e9gicas con proveedores internacionales especializados.<\/p>\r\n        <div class=\"social-icons\">\r\n          <a href=\"#\"><i class=\"fab fa-facebook-f\"><\/i><\/a>\r\n          <a href=\"#\"><i class=\"fab fa-x-twitter\"><\/i><\/a>\r\n          <a href=\"#\"><i class=\"fab fa-instagram\"><\/i><\/a>\r\n          <a href=\"#\"><i class=\"fab fa-youtube\"><\/i><\/a>\r\n          <a href=\"#\"><i class=\"fab fa-tiktok\"><\/i><\/a>\r\n        <\/div>\r\n      <\/div>\r\n\r\n      <!-- Columna 2: Sobre ImporteC -->\r\n      <div class=\"footer-column\">\r\n        <h4>Sobre Importec<\/h4>\r\n        <ul>\r\n          <li><a href=\"#\">Inicio<\/a><\/li>\r\n          <li><a href=\"#\">\u00bfQui\u00e9nes Somos?<\/a><\/li>\r\n          <li><a href=\"#\">Servicios<\/a><\/li>\r\n          <li><a href=\"#\">Preguntas Frecuentes<\/a><\/li>\r\n          <li><a href=\"#\">Contacto<\/a><\/li>\r\n        <\/ul>\r\n      <\/div>\r\n\r\n      <!-- Columna 3: Productos & Servicios -->\r\n      <div class=\"footer-column\">\r\n        <h4>Productos & Servicios<\/h4>\r\n        <ul>\r\n          <li><a href=\"#\">Productos<\/a><\/li>\r\n          <li><a href=\"#\">Maquinaria Importada<\/a><\/li>\r\n          <li><a href=\"#\">Maquinaria de Segunda<\/a><\/li>\r\n          <li><a href=\"#\">Repuestos y Suministros<\/a><\/li>\r\n        <\/ul>\r\n      <\/div>\r\n\r\n      <!-- Columna 4: Cont\u00e1ctenos -->\r\n      <div class=\"footer-column\">\r\n        <h4>Cont\u00e1ctenos<\/h4>\r\n        <ul>\r\n          <li>Direcci\u00f3n: Zona F, 72B # 83D Sur-34, Bogot\u00e1 - Colombia<\/li>\r\n          <li>Tel\u00e9fono: (601) 601 1500<\/li>\r\n          <li>Correo: info@importec-sas.com<\/li>\r\n        <\/ul>\r\n      <\/div>\r\n    <\/div>\r\n\r\n    <div class=\"footer-bottom\">\r\n      IMPORTEC \u00a9 - Todos Los Derechos Reservados | Dise\u00f1ado por <strong>@BillyPinesS<\/strong>\r\n    <\/div>\r\n  <\/footer>\r\n\r\n<\/body>\r\n<\/html>\r\n\t\t\t\t<\/div>\n\t\t\t\t<\/div>\n\t\t\t\t<\/footer>\n\t\t\t\t<\/div>\n\t\t","protected":false},"excerpt":{"rendered":"<p>Qui\u00e9nes somos Productos Maquinaria importada Extrusi\u00f3n Flexo Laminado Refilado Sellado Peletizado Inyecci\u00f3n Inspecci\u00f3n Maquinaria de segunda Repuestos y suministros Servicios Preguntas frecuentes Noticias Contacto Qui\u00e9nes somos Productos Maquinaria importada Extrusi\u00f3n Flexo Laminado Refilado Sellado Peletizado Inyecci\u00f3n Inspecci\u00f3n Maquinaria de segunda Repuestos y suministros Servicios Preguntas frecuentes Noticias Contacto Footer ImporteC Soluciones en maquinaria importada, especialidades [&hellip;]<\/p>\n","protected":false},"author":1,"featured_media":0,"parent":0,"menu_order":17,"comment_status":"closed","ping_status":"closed","template":"elementor_canvas","meta":{"_acf_changed":false,"footnotes":""},"class_list":["post-1099","page","type-page","status-publish","hentry"],"acf":[],"_links":{"self":[{"href":"https:\/\/www.importec-sas.com\/web\/wp-json\/wp\/v2\/pages\/1099","targetHints":{"allow":["GET"]}}],"collection":[{"href":"https:\/\/www.importec-sas.com\/web\/wp-json\/wp\/v2\/pages"}],"about":[{"href":"https:\/\/www.importec-sas.com\/web\/wp-json\/wp\/v2\/types\/page"}],"author":[{"embeddable":true,"href":"https:\/\/www.importec-sas.com\/web\/wp-json\/wp\/v2\/users\/1"}],"replies":[{"embeddable":true,"href":"https:\/\/www.importec-sas.com\/web\/wp-json\/wp\/v2\/comments?post=1099"}],"version-history":[{"count":5,"href":"https:\/\/www.importec-sas.com\/web\/wp-json\/wp\/v2\/pages\/1099\/revisions"}],"predecessor-version":[{"id":1331,"href":"https:\/\/www.importec-sas.com\/web\/wp-json\/wp\/v2\/pages\/1099\/revisions\/1331"}],"wp:attachment":[{"href":"https:\/\/www.importec-sas.com\/web\/wp-json\/wp\/v2\/media?parent=1099"}],"curies":[{"name":"wp","href":"https:\/\/api.w.org\/{rel}","templated":true}]}}